{"id":2027,"date":"2020-08-24T02:50:55","date_gmt":"2020-08-24T02:50:55","guid":{"rendered":"https:\/\/marccastellvi.com\/about\/"},"modified":"2024-12-11T20:19:40","modified_gmt":"2024-12-11T20:19:40","slug":"about","status":"publish","type":"page","link":"https:\/\/marccastellvi.com\/ca\/about\/","title":{"rendered":"Sobre mi"},"content":{"rendered":"<div data-elementor-type=\"wp-page\" data-elementor-id=\"2027\" class=\"elementor elementor-2027\">\n\t\t\t\t\t\t<section class=\"elementor-section elementor-top-section elementor-element elementor-element-0bd1b1f elementor-section-boxed elementor-section-height-default elementor-section-height-default\" data-id=\"0bd1b1f\" data-element_type=\"section\">\n\t\t\t\t\t\t<div class=\"elementor-container elementor-column-gap-default\">\n\t\t\t\t\t<div class=\"elementor-column elementor-col-100 elementor-top-column elementor-element elementor-element-414ccfa\" data-id=\"414ccfa\" data-element_type=\"column\">\n\t\t\t<div class=\"elementor-widget-wrap\">\n\t\t\t\t\t\t\t<\/div>\n\t\t<\/div>\n\t\t\t\t\t<\/div>\n\t\t<\/section>\n\t\t\t\t<section class=\"elementor-section elementor-top-section elementor-element elementor-element-0e45146 elementor-section-boxed elementor-section-height-default elementor-section-height-default\" data-id=\"0e45146\" data-element_type=\"section\">\n\t\t\t\t\t\t<div class=\"elementor-container elementor-column-gap-default\">\n\t\t\t\t\t<div class=\"elementor-column elementor-col-33 elementor-top-column elementor-element elementor-element-840f2de\" data-id=\"840f2de\" data-element_type=\"column\">\n\t\t\t<div class=\"elementor-widget-wrap\">\n\t\t\t\t\t\t\t<\/div>\n\t\t<\/div>\n\t\t\t\t<div class=\"elementor-column elementor-col-33 elementor-top-column elementor-element elementor-element-aebc220\" data-id=\"aebc220\" data-element_type=\"column\">\n\t\t\t<div class=\"elementor-widget-wrap\">\n\t\t\t\t\t\t\t<\/div>\n\t\t<\/div>\n\t\t\t\t<div class=\"elementor-column elementor-col-33 elementor-top-column elementor-element elementor-element-d09536c\" data-id=\"d09536c\" data-element_type=\"column\">\n\t\t\t<div class=\"elementor-widget-wrap\">\n\t\t\t\t\t\t\t<\/div>\n\t\t<\/div>\n\t\t\t\t\t<\/div>\n\t\t<\/section>\n\t\t\t\t<section class=\"elementor-section elementor-top-section elementor-element elementor-element-14df314d elementor-section-content-middle animated-fast elementor-section-boxed elementor-section-height-default elementor-section-height-default elementor-invisible\" data-id=\"14df314d\" data-element_type=\"section\" data-settings=\"{&quot;background_background&quot;:&quot;classic&quot;,&quot;animation&quot;:&quot;slideInRight&quot;}\">\n\t\t\t\t\t\t<div class=\"elementor-container elementor-column-gap-no\">\n\t\t\t\t\t<div class=\"elementor-column elementor-col-33 elementor-top-column elementor-element elementor-element-92c1bce\" data-id=\"92c1bce\" data-element_type=\"column\">\n\t\t\t<div class=\"elementor-widget-wrap elementor-element-populated\">\n\t\t\t\t\t\t<div class=\"elementor-element elementor-element-38e8565e elementor-widget elementor-widget-text-editor\" data-id=\"38e8565e\" data-element_type=\"widget\" data-widget_type=\"text-editor.default\">\n\t\t\t\t<div class=\"elementor-widget-container\">\n\t\t\t\t\t\t\t<p>La meva tasca<\/p>\t\t\t\t\t\t<\/div>\n\t\t\t\t<\/div>\n\t\t\t\t<div class=\"elementor-element elementor-element-31053be8 elementor-widget elementor-widget-heading\" data-id=\"31053be8\" data-element_type=\"widget\" data-widget_type=\"heading.default\">\n\t\t\t\t<div class=\"elementor-widget-container\">\n\t\t\t<h3 class=\"elementor-heading-title elementor-size-default\">Acompanyant el canvi<\/h3>\t\t<\/div>\n\t\t\t\t<\/div>\n\t\t\t\t<div class=\"elementor-element elementor-element-51c21501 elementor-widget-divider--view-line elementor-widget elementor-widget-divider\" data-id=\"51c21501\" data-element_type=\"widget\" data-widget_type=\"divider.default\">\n\t\t\t\t<div class=\"elementor-widget-container\">\n\t\t\t\t\t<div class=\"elementor-divider\">\n\t\t\t<span class=\"elementor-divider-separator\">\n\t\t\t\t\t\t<\/span>\n\t\t<\/div>\n\t\t\t\t<\/div>\n\t\t\t\t<\/div>\n\t\t\t\t\t<\/div>\n\t\t<\/div>\n\t\t\t\t<div class=\"elementor-column elementor-col-33 elementor-top-column elementor-element elementor-element-6d5e86e4\" data-id=\"6d5e86e4\" data-element_type=\"column\">\n\t\t\t<div class=\"elementor-widget-wrap elementor-element-populated\">\n\t\t\t\t\t\t<div class=\"elementor-element elementor-element-3a7ece35 elementor-widget__width-initial elementor-widget elementor-widget-text-editor\" data-id=\"3a7ece35\" data-element_type=\"widget\" data-widget_type=\"text-editor.default\">\n\t\t\t\t<div class=\"elementor-widget-container\">\n\t\t\t\t\t\t\t<p>S\u00f3c coach i mentor <strong>certificat per l'EMCC<\/strong>, formador,&nbsp; profesor asociado del Departamento de Psicolog\u00eda Social de la Universidad Aut\u00f3noma de Barcelona y doctorando en Psicolog\u00eda de la Comunicaci\u00f3n y el Cambio en la misma instituci\u00f3n. Cuento con un recorrido de m\u00e1s de 18 a\u00f1os acompa\u00f1ando y formando a personas, directivos y equipos en sus procesos profesionales y evolutivos.&nbsp;<\/p>\n<p>Addicionalment, s\u00f3c consultor d'empreses expert en m\u00e0rqueting i vendes. Formo i acompanyo el canvi, tant de carreres professionals individuals com en processos corporatius i de la cultura de les organitzacions.&nbsp;<\/p>\n<p>Tinc una llarga traject\u00f2ria com a emprenedor. Com a empresari, s\u00f3c soci fundador de la startup <strong>Wonzsai Corporate Services S. L.<\/strong>, orientada a millorar la gesti\u00f3 de les persones dins de les organitzacions. A m\u00e9s, he treballat per empreses de prestigi internacional. El meu enfocament \u00e9s clarament corporatiu i molt orientat a intervencions que contribueixin a millorar el rendiment de l'empresa, tant des de la part del <strong>lideratge<\/strong> i el&nbsp;<strong>potencial hum\u00e0<\/strong> com des de la m\u00e9s <strong>estrat\u00e8gica<\/strong>.<\/p>\t\t\t\t\t\t<\/div>\n\t\t\t\t<\/div>\n\t\t\t\t\t<\/div>\n\t\t<\/div>\n\t\t\t\t<div class=\"elementor-column elementor-col-33 elementor-top-column elementor-element elementor-element-2c304e7b\" data-id=\"2c304e7b\" data-element_type=\"column\">\n\t\t\t<div class=\"elementor-widget-wrap elementor-element-populated\">\n\t\t\t\t\t\t<div class=\"elementor-element elementor-element-38a56429 elementor-widget elementor-widget-image\" data-id=\"38a56429\" data-element_type=\"widget\" data-widget_type=\"image.default\">\n\t\t\t\t<div class=\"elementor-widget-container\">\n\t\t\t\t\t\t\t\t\t\t\t\t\t<img fetchpriority=\"high\" decoding=\"async\" width=\"1312\" height=\"1708\" src=\"https:\/\/i0.wp.com\/marccastellvi.com\/wp-content\/uploads\/2023\/04\/DSC_4755_bn-scaled-e1682373919272.webp?fit=1312%2C1708&amp;ssl=1\" class=\"elementor-animation-grow attachment-full size-full wp-image-2505\" alt=\"\" srcset=\"https:\/\/i0.wp.com\/marccastellvi.com\/wp-content\/uploads\/2023\/04\/DSC_4755_bn-scaled-e1682373919272.webp?w=1312&amp;ssl=1 1312w, https:\/\/i0.wp.com\/marccastellvi.com\/wp-content\/uploads\/2023\/04\/DSC_4755_bn-scaled-e1682373919272.webp?resize=230%2C300&amp;ssl=1 230w, https:\/\/i0.wp.com\/marccastellvi.com\/wp-content\/uploads\/2023\/04\/DSC_4755_bn-scaled-e1682373919272.webp?resize=787%2C1024&amp;ssl=1 787w, https:\/\/i0.wp.com\/marccastellvi.com\/wp-content\/uploads\/2023\/04\/DSC_4755_bn-scaled-e1682373919272.webp?resize=768%2C1000&amp;ssl=1 768w, https:\/\/i0.wp.com\/marccastellvi.com\/wp-content\/uploads\/2023\/04\/DSC_4755_bn-scaled-e1682373919272.webp?resize=1180%2C1536&amp;ssl=1 1180w, https:\/\/i0.wp.com\/marccastellvi.com\/wp-content\/uploads\/2023\/04\/DSC_4755_bn-scaled-e1682373919272.webp?resize=9%2C12&amp;ssl=1 9w\" sizes=\"(max-width: 1000px) 100vw, 1000px\" \/>\t\t\t\t\t\t\t\t\t\t\t\t\t<\/div>\n\t\t\t\t<\/div>\n\t\t\t\t\t<\/div>\n\t\t<\/div>\n\t\t\t\t\t<\/div>\n\t\t<\/section>\n\t\t\t\t<section class=\"elementor-section elementor-top-section elementor-element elementor-element-74ec93c0 elementor-section-height-min-height elementor-section-content-middle animated-fast elementor-section-boxed elementor-section-height-default elementor-section-items-middle elementor-invisible\" data-id=\"74ec93c0\" data-element_type=\"section\" data-settings=\"{&quot;background_background&quot;:&quot;classic&quot;,&quot;animation&quot;:&quot;headShake&quot;}\">\n\t\t\t\t\t\t\t<div class=\"elementor-background-overlay\"><\/div>\n\t\t\t\t\t\t\t<div class=\"elementor-container elementor-column-gap-default\">\n\t\t\t\t\t<div class=\"elementor-column elementor-col-100 elementor-top-column elementor-element elementor-element-4dae7cec\" data-id=\"4dae7cec\" data-element_type=\"column\">\n\t\t\t<div class=\"elementor-widget-wrap elementor-element-populated\">\n\t\t\t\t\t\t<div class=\"elementor-element elementor-element-567b1be7 elementor-widget elementor-widget-heading\" data-id=\"567b1be7\" data-element_type=\"widget\" data-widget_type=\"heading.default\">\n\t\t\t\t<div class=\"elementor-widget-container\">\n\t\t\t<h5 class=\"elementor-heading-title elementor-size-default\">FORMACI\u00d3 I TRAJECT\u00d2RIA<\/h5>\t\t<\/div>\n\t\t\t\t<\/div>\n\t\t\t\t<div class=\"elementor-element elementor-element-3cdeacd4 elementor-widget elementor-widget-heading\" data-id=\"3cdeacd4\" data-element_type=\"widget\" data-widget_type=\"heading.default\">\n\t\t\t\t<div class=\"elementor-widget-container\">\n\t\t\t<h2 class=\"elementor-heading-title elementor-size-default\"><span style=\"font-family: Roboto, Helvetica, Arial, sans-serif;font-size: 65px;font-style: normal;font-weight: 900\">+20 A\u00d1OS<\/span><\/h2>\t\t<\/div>\n\t\t\t\t<\/div>\n\t\t\t\t<div class=\"elementor-element elementor-element-7a82fcfd elementor-widget elementor-widget-text-editor\" data-id=\"7a82fcfd\" data-element_type=\"widget\" data-widget_type=\"text-editor.default\">\n\t\t\t\t<div class=\"elementor-widget-container\">\n\t\t\t\t\t\t\t<ul style=\"-webkit-tap-highlight-color: transparent; margin-bottom: 30px; line-height: 1.618; color: #ffffff; font-family: Roboto, Helvetica, Arial, sans-serif; font-size: 18px; font-style: normal; font-weight: 300;\"><li style=\"font-size: 18px; -webkit-tap-highlight-color: transparent;\">M\u00e0ster oficial en investigaci\u00f3 en Psicologia de la Salut per la UAB.<\/li><li style=\"font-size: 18px; -webkit-tap-highlight-color: transparent;\">Investigador en Psicologia de la Salut.<\/li><li style=\"font-size: 18px; -webkit-tap-highlight-color: transparent;\">Expert universitari en coaching i mentoring:<br \/><ul style=\"font-size: 18px; -webkit-tap-highlight-color: transparent; line-height: 1.618;\"><li style=\"font-size: 18px; -webkit-tap-highlight-color: transparent;\"><span style=\"font-size: 18px; font-weight: bold; -webkit-tap-highlight-color: transparent;\">Certificat per l'European Mentoring and Coaching Council (EMCC).<\/span><\/li><\/ul><\/li><li style=\"font-size: 18px; -webkit-tap-highlight-color: transparent;\">M\u00e0ster en Direcci\u00f3 de M\u00e0rqueting i Vendes per EAE Business School i la Universitat de Barcelona.<br \/><ul style=\"font-size: 18px; -webkit-tap-highlight-color: transparent; line-height: 1.618;\"><li style=\"font-size: 18px; -webkit-tap-highlight-color: transparent;\">Menci\u00f3 honor\u00edfica a la 4\u00aa millor nota de la promoci\u00f3.<\/li><\/ul><\/li><li style=\"font-size: 18px; -webkit-tap-highlight-color: transparent;\">M\u00e0ster en transformaci\u00f3 digital per la UCAV.<\/li><li style=\"font-size: 18px; -webkit-tap-highlight-color: transparent;\">Diplomat en m\u00e0rqueting digital.<\/li><li style=\"-webkit-tap-highlight-color: transparent;\">Diplomat en <strong>Mindfulness<\/strong> i t\u00e8cniques de benestar.<\/li><li style=\"-webkit-tap-highlight-color: transparent;\">Llicenciat en Ci\u00e8ncies de la Comunicaci\u00f3 per la URL.<\/li><\/ul><p>\u00a0<\/p>\t\t\t\t\t\t<\/div>\n\t\t\t\t<\/div>\n\t\t\t\t\t<\/div>\n\t\t<\/div>\n\t\t\t\t\t<\/div>\n\t\t<\/section>\n\t\t\t\t<section class=\"elementor-section elementor-top-section elementor-element elementor-element-92a4d2c elementor-section-boxed elementor-section-height-default elementor-section-height-default\" data-id=\"92a4d2c\" data-element_type=\"section\">\n\t\t\t\t\t\t<div class=\"elementor-container elementor-column-gap-default\">\n\t\t\t\t\t<div class=\"elementor-column elementor-col-100 elementor-top-column elementor-element elementor-element-4234fe3\" data-id=\"4234fe3\" data-element_type=\"column\">\n\t\t\t<div class=\"elementor-widget-wrap elementor-element-populated\">\n\t\t\t\t\t\t<div class=\"elementor-element elementor-element-13684af elementor-widget elementor-widget-spacer\" data-id=\"13684af\" data-element_type=\"widget\" data-widget_type=\"spacer.default\">\n\t\t\t\t<div class=\"elementor-widget-container\">\n\t\t\t\t\t<div class=\"elementor-spacer\">\n\t\t\t<div class=\"elementor-spacer-inner\"><\/div>\n\t\t<\/div>\n\t\t\t\t<\/div>\n\t\t\t\t<\/div>\n\t\t\t\t\t<\/div>\n\t\t<\/div>\n\t\t\t\t\t<\/div>\n\t\t<\/section>\n\t\t\t\t<section class=\"elementor-section elementor-top-section elementor-element elementor-element-8683cc5 elementor-section-boxed elementor-section-height-default elementor-section-height-default\" data-id=\"8683cc5\" data-element_type=\"section\">\n\t\t\t\t\t\t<div class=\"elementor-container elementor-column-gap-default\">\n\t\t\t\t\t<div class=\"elementor-column elementor-col-50 elementor-top-column elementor-element elementor-element-2da08c1\" data-id=\"2da08c1\" data-element_type=\"column\">\n\t\t\t<div class=\"elementor-widget-wrap elementor-element-populated\">\n\t\t\t\t\t\t<div class=\"elementor-element elementor-element-baecc21 elementor-widget elementor-widget-html\" data-id=\"baecc21\" data-element_type=\"widget\" data-widget_type=\"html.default\">\n\t\t\t\t<div class=\"elementor-widget-container\">\n\t\t\t<div class=\"badge-base LI-profile-badge\" data-locale=\"es_ES\" data-size=\"medium\" data-theme=\"light\" data-type=\"VERTICAL\" data-vanity=\"marccastellvi\" data-version=\"v1\"><a class=\"badge-base__link LI-simple-link\" href=\"https:\/\/es.linkedin.com\/in\/marccastellvi?trk=profile-badge\"><\/a><\/div>\r\n              \t\t<\/div>\n\t\t\t\t<\/div>\n\t\t\t\t\t<\/div>\n\t\t<\/div>\n\t\t\t\t<div class=\"elementor-column elementor-col-50 elementor-top-column elementor-element elementor-element-75025827\" data-id=\"75025827\" data-element_type=\"column\">\n\t\t\t<div class=\"elementor-widget-wrap elementor-element-populated\">\n\t\t\t\t\t\t<div class=\"elementor-element elementor-element-3e011956 elementor-position-left elementor-widget-tablet__width-initial elementor-vertical-align-top elementor-widget elementor-widget-image-box\" data-id=\"3e011956\" data-element_type=\"widget\" data-widget_type=\"image-box.default\">\n\t\t\t\t<div class=\"elementor-widget-container\">\n\t\t\t<div class=\"elementor-image-box-wrapper\"><figure class=\"elementor-image-box-img\"><img decoding=\"async\" width=\"300\" height=\"214\" src=\"https:\/\/i0.wp.com\/marccastellvi.com\/wp-content\/uploads\/2024\/01\/EMCC_logo-300x214-1.webp?fit=300%2C214&amp;ssl=1\" class=\"attachment-large size-large wp-image-2633\" alt=\"\" srcset=\"https:\/\/i0.wp.com\/marccastellvi.com\/wp-content\/uploads\/2024\/01\/EMCC_logo-300x214-1.webp?w=300&amp;ssl=1 300w, https:\/\/i0.wp.com\/marccastellvi.com\/wp-content\/uploads\/2024\/01\/EMCC_logo-300x214-1.webp?resize=18%2C12&amp;ssl=1 18w\" sizes=\"(max-width: 300px) 100vw, 300px\" \/><\/figure><div class=\"elementor-image-box-content\"><h3 class=\"elementor-image-box-title\">Coach i mentor certificat per l'EMCC<\/h3><p class=\"elementor-image-box-description\">Organisme de refer\u00e8ncia en mentoring, coaching i supervisi\u00f3, creat per desenvolupar, promoure i fixar l'expectativa de millors pr\u00e0ctiques en mentoring, coaching i supervisi\u00f3 a nivell mundial per al benefici de la societat.<br><br>Ref. del certificat: <a href=\"https:\/\/www.smartcertificate.com\/SmartDiploma\/Default.aspx?1%7c966b510e-c185-452a-99a8-ed4891c61e38%7cd2f67a1a-a658-48a8-8c49-9c76b5b657f4\"target=\"_blank\"><b>EIA20218827<\/b><\/a><\/p><\/div><\/div>\t\t<\/div>\n\t\t\t\t<\/div>\n\t\t\t\t\t<\/div>\n\t\t<\/div>\n\t\t\t\t\t<\/div>\n\t\t<\/section>\n\t\t\t\t<section class=\"elementor-section elementor-top-section elementor-element elementor-element-64f68023 elementor-section-boxed elementor-section-height-default elementor-section-height-default\" data-id=\"64f68023\" data-element_type=\"section\">\n\t\t\t\t\t\t<div class=\"elementor-container elementor-column-gap-default\">\n\t\t\t\t\t<div class=\"elementor-column elementor-col-100 elementor-top-column elementor-element elementor-element-2e74e27\" data-id=\"2e74e27\" data-element_type=\"column\">\n\t\t\t<div class=\"elementor-widget-wrap elementor-element-populated\">\n\t\t\t\t\t\t<div class=\"elementor-element elementor-element-8add429 elementor-widget elementor-widget-spacer\" data-id=\"8add429\" data-element_type=\"widget\" data-widget_type=\"spacer.default\">\n\t\t\t\t<div class=\"elementor-widget-container\">\n\t\t\t\t\t<div class=\"elementor-spacer\">\n\t\t\t<div class=\"elementor-spacer-inner\"><\/div>\n\t\t<\/div>\n\t\t\t\t<\/div>\n\t\t\t\t<\/div>\n\t\t\t\t\t<\/div>\n\t\t<\/div>\n\t\t\t\t\t<\/div>\n\t\t<\/section>\n\t\t\t\t<\/div>","protected":false},"excerpt":{"rendered":"<p>Mi labor Acompa\u00f1ando el cambio Soy coach y mentor certificado por la EMCC, formador,&nbsp; profesor asociado del Departamento de Psicolog\u00eda Social de la Universidad Aut\u00f3noma de Barcelona y doctorando en Psicolog\u00eda de la Comunicaci\u00f3n y el Cambio en la misma instituci\u00f3n. Cuento con un recorrido de m\u00e1s de 18 a\u00f1os acompa\u00f1ando y formando a personas, [&hellip;]<\/p>","protected":false},"author":1,"featured_media":0,"parent":0,"menu_order":0,"comment_status":"closed","ping_status":"closed","template":"","meta":{"site-sidebar-layout":"no-sidebar","site-content-layout":"plain-container","ast-site-content-layout":"","site-content-style":"default","site-sidebar-style":"default","ast-global-header-display":"","ast-banner-title-visibility":"","ast-main-header-display":"","ast-hfb-above-header-display":"","ast-hfb-below-header-display":"","ast-hfb-mobile-header-display":"","site-post-title":"disabled","ast-breadcrumbs-content":"","ast-featured-img":"disabled","footer-sml-layout":"","theme-transparent-header-meta":"enabled","adv-header-id-meta":"","stick-header-meta":"","header-above-stick-meta":"","header-main-stick-meta":"","header-below-stick-meta":"","astra-migrate-meta-layouts":"default","ast-page-background-enabled":"default","ast-page-background-meta":{"desktop":{"background-color":"","background-image":"","background-repeat":"repeat","background-position":"center center","background-size":"auto","background-attachment":"scroll","background-type":"","background-media":"","overlay-type":"","overlay-color":"","overlay-gradient":""},"tablet":{"background-color":"","background-image":"","background-repeat":"repeat","background-position":"center center","background-size":"auto","background-attachment":"scroll","background-type":"","background-media":"","overlay-type":"","overlay-color":"","overlay-gradient":""},"mobile":{"background-color":"","background-image":"","background-repeat":"repeat","background-position":"center center","background-size":"auto","background-attachment":"scroll","background-type":"","background-media":"","overlay-type":"","overlay-color":"","overlay-gradient":""}},"ast-content-background-meta":{"desktop":{"background-color":"var(--ast-global-color-5)","background-image":"","background-repeat":"repeat","background-position":"center center","background-size":"auto","background-attachment":"scroll","background-type":"","background-media":"","overlay-type":"","overlay-color":"","overlay-gradient":""},"tablet":{"background-color":"var(--ast-global-color-5)","background-image":"","background-repeat":"repeat","background-position":"center center","background-size":"auto","background-attachment":"scroll","background-type":"","background-media":"","overlay-type":"","overlay-color":"","overlay-gradient":""},"mobile":{"background-color":"var(--ast-global-color-5)","background-image":"","background-repeat":"repeat","background-position":"center center","background-size":"auto","background-attachment":"scroll","background-type":"","background-media":"","overlay-type":"","overlay-color":"","overlay-gradient":""}},"footnotes":""},"jetpack_sharing_enabled":true,"_links":{"self":[{"href":"https:\/\/marccastellvi.com\/ca\/wp-json\/wp\/v2\/pages\/2027"}],"collection":[{"href":"https:\/\/marccastellvi.com\/ca\/wp-json\/wp\/v2\/pages"}],"about":[{"href":"https:\/\/marccastellvi.com\/ca\/wp-json\/wp\/v2\/types\/page"}],"author":[{"embeddable":true,"href":"https:\/\/marccastellvi.com\/ca\/wp-json\/wp\/v2\/users\/1"}],"replies":[{"embeddable":true,"href":"https:\/\/marccastellvi.com\/ca\/wp-json\/wp\/v2\/comments?post=2027"}],"version-history":[{"count":163,"href":"https:\/\/marccastellvi.com\/ca\/wp-json\/wp\/v2\/pages\/2027\/revisions"}],"predecessor-version":[{"id":2827,"href":"https:\/\/marccastellvi.com\/ca\/wp-json\/wp\/v2\/pages\/2027\/revisions\/2827"}],"wp:attachment":[{"href":"https:\/\/marccastellvi.com\/ca\/wp-json\/wp\/v2\/media?parent=2027"}],"curies":[{"name":"wp","href":"https:\/\/api.w.org\/{rel}","templated":true}]}}