{"id":1817,"date":"2020-08-24T02:50:56","date_gmt":"2020-08-24T02:50:56","guid":{"rendered":"https:\/\/marccastellvi.com\/services\/"},"modified":"2024-11-09T16:39:00","modified_gmt":"2024-11-09T16:39:00","slug":"services","status":"publish","type":"page","link":"https:\/\/marccastellvi.com\/ca\/services\/","title":{"rendered":"Serveis"},"content":{"rendered":"<div data-elementor-type=\"wp-page\" data-elementor-id=\"1817\" class=\"elementor elementor-1817\">\n\t\t\t\t\t\t<section class=\"elementor-section elementor-top-section elementor-element elementor-element-5656b020 elementor-section-content-top elementor-section-boxed elementor-section-height-default elementor-section-height-default\" data-id=\"5656b020\" data-element_type=\"section\" data-settings=\"{&quot;background_background&quot;:&quot;classic&quot;}\">\n\t\t\t\t\t\t<div class=\"elementor-container elementor-column-gap-default\">\n\t\t\t\t\t<div class=\"elementor-column elementor-col-100 elementor-top-column elementor-element elementor-element-14006932\" data-id=\"14006932\" data-element_type=\"column\" data-settings=\"{&quot;background_background&quot;:&quot;classic&quot;}\">\n\t\t\t<div class=\"elementor-widget-wrap elementor-element-populated\">\n\t\t\t\t\t\t<div class=\"elementor-element elementor-element-6310fcff animated-fast elementor-invisible elementor-widget elementor-widget-heading\" data-id=\"6310fcff\" data-element_type=\"widget\" data-settings=\"{&quot;_animation&quot;:&quot;fadeInLeft&quot;}\" data-widget_type=\"heading.default\">\n\t\t\t\t<div class=\"elementor-widget-container\">\n\t\t\t<h2 class=\"elementor-heading-title elementor-size-large\">el coach dels l\u00edders<br>conscients <\/h2>\t\t<\/div>\n\t\t\t\t<\/div>\n\t\t\t\t<div class=\"elementor-element elementor-element-6d0192b5 elementor-widget elementor-widget-text-editor\" data-id=\"6d0192b5\" data-element_type=\"widget\" data-widget_type=\"text-editor.default\">\n\t\t\t\t<div class=\"elementor-widget-container\">\n\t\t\t\t\t\t\t<p>Ofereixo eines SMART per transformar les organitzacions tant des del punt de vista hum\u00e0 com estrat\u00e8gic. Perqu\u00e8 el futur que constru\u00efm a cada pas \u00e9s ple de reptes, i com a consultor puc aportar un punt de vista extern i ent\u00e8s, molt \u00fatil per donar enfocament i direcci\u00f3 a les metes professionals i corporatives de les organitzacions.<\/p>\t\t\t\t\t\t<\/div>\n\t\t\t\t<\/div>\n\t\t\t\t<div class=\"elementor-element elementor-element-74475925 elementor-align-left elementor-tablet-align-center elementor-mobile-align-center elementor-widget elementor-widget-button\" data-id=\"74475925\" data-element_type=\"widget\" data-widget_type=\"button.default\">\n\t\t\t\t<div class=\"elementor-widget-container\">\n\t\t\t\t\t\t\t<div class=\"elementor-button-wrapper\">\n\t\t\t\t\t<a class=\"elementor-button elementor-button-link elementor-size-sm\" href=\"\/ca\/contact-us\/\">\n\t\t\t\t\t\t<span class=\"elementor-button-content-wrapper\">\n\t\t\t\t\t\t<span class=\"elementor-button-icon\">\n\t\t\t\t<i aria-hidden=\"true\" class=\"fas fa-caret-right\"><\/i>\t\t\t<\/span>\n\t\t\t\t\t\t\t\t\t<span class=\"elementor-button-text\">Comencem?<\/span>\n\t\t\t\t\t<\/span>\n\t\t\t\t\t<\/a>\n\t\t\t\t<\/div>\n\t\t\t\t\t\t<\/div>\n\t\t\t\t<\/div>\n\t\t\t\t\t<\/div>\n\t\t<\/div>\n\t\t\t\t\t<\/div>\n\t\t<\/section>\n\t\t\t\t<section class=\"elementor-section elementor-top-section elementor-element elementor-element-2f78d54 elementor-section-boxed elementor-section-height-default elementor-section-height-default\" data-id=\"2f78d54\" data-element_type=\"section\" data-settings=\"{&quot;background_background&quot;:&quot;classic&quot;}\">\n\t\t\t\t\t\t<div class=\"elementor-container elementor-column-gap-default\">\n\t\t\t\t\t<div class=\"elementor-column elementor-col-33 elementor-top-column elementor-element elementor-element-292bfbcd elementor-invisible\" data-id=\"292bfbcd\" data-element_type=\"column\" data-settings=\"{&quot;animation&quot;:&quot;fadeInUp&quot;}\">\n\t\t\t<div class=\"elementor-widget-wrap elementor-element-populated\">\n\t\t\t\t\t\t<div class=\"elementor-element elementor-element-1b4e8c24 elementor-widget-tablet__width-initial elementor-widget-mobile__width-initial elementor-position-top elementor-widget elementor-widget-image-box\" data-id=\"1b4e8c24\" data-element_type=\"widget\" data-widget_type=\"image-box.default\">\n\t\t\t\t<div class=\"elementor-widget-container\">\n\t\t\t<div class=\"elementor-image-box-wrapper\"><figure class=\"elementor-image-box-img\"><img decoding=\"async\" width=\"143\" height=\"143\" src=\"https:\/\/i0.wp.com\/marccastellvi.com\/wp-content\/uploads\/2023\/04\/Innovacio-simbol.png?fit=143%2C143&amp;ssl=1\" class=\"attachment-full size-full wp-image-2196\" alt=\"\" srcset=\"https:\/\/i0.wp.com\/marccastellvi.com\/wp-content\/uploads\/2023\/04\/Innovacio-simbol.png?w=143&amp;ssl=1 143w, https:\/\/i0.wp.com\/marccastellvi.com\/wp-content\/uploads\/2023\/04\/Innovacio-simbol.png?resize=12%2C12&amp;ssl=1 12w, https:\/\/i0.wp.com\/marccastellvi.com\/wp-content\/uploads\/2023\/04\/Innovacio-simbol.png?resize=100%2C100&amp;ssl=1 100w\" sizes=\"(max-width: 143px) 100vw, 143px\" \/><\/figure><div class=\"elementor-image-box-content\"><h3 class=\"elementor-image-box-title\">+ FORMACI\u00d3 A MIDA<\/h3><p class=\"elementor-image-box-description\">Ofereixo formaci\u00f3 In Company, a mida de les organitzacions i amb un enfocament orientat a cultivar el valor del <b> potencial hum\u00e0<\/b> dintre de la cultura d'empresa. <br>Formaci\u00f3 a les \u00e0rees de: benestar, gesti\u00f3 de l'estr\u00e8s, gesti\u00f3 d'equips, m\u00e0rqueting i vendes, entre d'altres.<\/p><\/div><\/div>\t\t<\/div>\n\t\t\t\t<\/div>\n\t\t\t\t\t<\/div>\n\t\t<\/div>\n\t\t\t\t<div class=\"elementor-column elementor-col-33 elementor-top-column elementor-element elementor-element-3f340ce1 elementor-invisible\" data-id=\"3f340ce1\" data-element_type=\"column\" data-settings=\"{&quot;animation&quot;:&quot;fadeInUp&quot;}\">\n\t\t\t<div class=\"elementor-widget-wrap elementor-element-populated\">\n\t\t\t\t\t\t<div class=\"elementor-element elementor-element-64a4e9ab elementor-widget-tablet__width-initial elementor-widget-mobile__width-initial elementor-position-top elementor-widget elementor-widget-image-box\" data-id=\"64a4e9ab\" data-element_type=\"widget\" data-widget_type=\"image-box.default\">\n\t\t\t\t<div class=\"elementor-widget-container\">\n\t\t\t<div class=\"elementor-image-box-wrapper\"><figure class=\"elementor-image-box-img\"><img decoding=\"async\" width=\"143\" height=\"143\" src=\"https:\/\/i0.wp.com\/marccastellvi.com\/wp-content\/uploads\/2023\/04\/21.png?fit=143%2C143&amp;ssl=1\" class=\"attachment-full size-full wp-image-2197\" alt=\"\" srcset=\"https:\/\/i0.wp.com\/marccastellvi.com\/wp-content\/uploads\/2023\/04\/21.png?w=143&amp;ssl=1 143w, https:\/\/i0.wp.com\/marccastellvi.com\/wp-content\/uploads\/2023\/04\/21.png?resize=12%2C12&amp;ssl=1 12w, https:\/\/i0.wp.com\/marccastellvi.com\/wp-content\/uploads\/2023\/04\/21.png?resize=100%2C100&amp;ssl=1 100w\" sizes=\"(max-width: 143px) 100vw, 143px\" \/><\/figure><div class=\"elementor-image-box-content\"><h3 class=\"elementor-image-box-title\">+CONSULTORIA ESPECIALITZADA<br><\/h3><p class=\"elementor-image-box-description\">Com a consultor <b>especialista en M\u00e0rqueting &amp; Vendes, Comunicaci\u00f3, Gesti\u00f3 de Persones i Benestar Organitzacional<\/b> assessoro en el desenvolupament del pla estrat\u00e8gic m\u00e9s adequat a les necessitats de cada empresa, amb un \u00e8mfasi especial en la part humana.<\/p><\/div><\/div>\t\t<\/div>\n\t\t\t\t<\/div>\n\t\t\t\t\t<\/div>\n\t\t<\/div>\n\t\t\t\t<div class=\"elementor-column elementor-col-33 elementor-top-column elementor-element elementor-element-92f931d elementor-invisible\" data-id=\"92f931d\" data-element_type=\"column\" data-settings=\"{&quot;animation&quot;:&quot;fadeInUp&quot;}\">\n\t\t\t<div class=\"elementor-widget-wrap elementor-element-populated\">\n\t\t\t\t\t\t<div class=\"elementor-element elementor-element-38cc0488 elementor-position-top elementor-widget elementor-widget-image-box\" data-id=\"38cc0488\" data-element_type=\"widget\" data-widget_type=\"image-box.default\">\n\t\t\t\t<div class=\"elementor-widget-container\">\n\t\t\t<div class=\"elementor-image-box-wrapper\"><figure class=\"elementor-image-box-img\"><img decoding=\"async\" width=\"143\" height=\"143\" src=\"https:\/\/i0.wp.com\/marccastellvi.com\/wp-content\/uploads\/2023\/04\/20.png?fit=143%2C143&amp;ssl=1\" class=\"attachment-full size-full wp-image-2198\" alt=\"\" srcset=\"https:\/\/i0.wp.com\/marccastellvi.com\/wp-content\/uploads\/2023\/04\/20.png?w=143&amp;ssl=1 143w, https:\/\/i0.wp.com\/marccastellvi.com\/wp-content\/uploads\/2023\/04\/20.png?resize=12%2C12&amp;ssl=1 12w, https:\/\/i0.wp.com\/marccastellvi.com\/wp-content\/uploads\/2023\/04\/20.png?resize=100%2C100&amp;ssl=1 100w\" sizes=\"(max-width: 143px) 100vw, 143px\" \/><\/figure><div class=\"elementor-image-box-content\"><h3 class=\"elementor-image-box-title\">+ LIDERAZGO CONSCIENTE<\/h3><p class=\"elementor-image-box-description\"><b>Coaching<\/b> i <b>mentoring<\/b> orientado a acompa\u00f1ar a los equipos ante los procesos de cambio, transformaci\u00f3n y expansi\u00f3n, desde el <b>autolideratge<\/b> i el <b>lideratge conscient<\/b> i <b>situacional<\/b>. Aporto valuoses eines que milloren la comunicaci\u00f3 i la gesti\u00f3 del dia a dia. Tamb\u00e9 assessoro equips de M\u00e0rqueting i Vendes per a un millor exercici de la seva tasca dins de la corporaci\u00f3.<\/p><\/div><\/div>\t\t<\/div>\n\t\t\t\t<\/div>\n\t\t\t\t\t<\/div>\n\t\t<\/div>\n\t\t\t\t\t<\/div>\n\t\t<\/section>\n\t\t\t\t<section class=\"elementor-section elementor-top-section elementor-element elementor-element-3edf5859 elementor-section-boxed elementor-section-height-default elementor-section-height-default\" data-id=\"3edf5859\" data-element_type=\"section\" data-settings=\"{&quot;background_background&quot;:&quot;classic&quot;}\">\n\t\t\t\t\t\t\t<div class=\"elementor-background-overlay\"><\/div>\n\t\t\t\t\t\t\t<div class=\"elementor-container elementor-column-gap-default\">\n\t\t\t\t\t<div class=\"elementor-column elementor-col-100 elementor-top-column elementor-element elementor-element-6962ac25 elementor-invisible\" data-id=\"6962ac25\" data-element_type=\"column\" data-settings=\"{&quot;animation&quot;:&quot;fadeIn&quot;}\">\n\t\t\t<div class=\"elementor-widget-wrap elementor-element-populated\">\n\t\t\t\t\t\t<section class=\"elementor-section elementor-inner-section elementor-element elementor-element-6749b8ca elementor-section-height-min-height elementor-section-content-middle elementor-section-boxed elementor-section-height-default\" data-id=\"6749b8ca\" data-element_type=\"section\" data-settings=\"{&quot;background_background&quot;:&quot;classic&quot;}\">\n\t\t\t\t\t\t<div class=\"elementor-container elementor-column-gap-no\">\n\t\t\t\t\t<div class=\"elementor-column elementor-col-100 elementor-inner-column elementor-element elementor-element-76dbe5f\" data-id=\"76dbe5f\" data-element_type=\"column\">\n\t\t\t<div class=\"elementor-widget-wrap elementor-element-populated\">\n\t\t\t\t\t\t<div class=\"elementor-element elementor-element-4d32b636 elementor-widget elementor-widget-heading\" data-id=\"4d32b636\" data-element_type=\"widget\" data-widget_type=\"heading.default\">\n\t\t\t\t<div class=\"elementor-widget-container\">\n\t\t\t<h2 class=\"elementor-heading-title elementor-size-large\">FORMACI\u00d3 EN <i>SOFT SKILLS<\/i><\/h2>\t\t<\/div>\n\t\t\t\t<\/div>\n\t\t\t\t<div class=\"elementor-element elementor-element-25653e6 elementor-widget elementor-widget-text-editor\" data-id=\"25653e6\" data-element_type=\"widget\" data-widget_type=\"text-editor.default\">\n\t\t\t\t<div class=\"elementor-widget-container\">\n\t\t\t\t\t\t\t<p>En un entorn laboral din\u00e0mic, el desenvolupament de les <strong>habilitats toves<\/strong> o <em><strong>soft skills<\/strong><\/em> \u00e9s fonamental per a l'\u00e8xit organitzacional. Com a coach i consultor especialitzat en empreses, ofereixo un servei personalitzat de formaci\u00f3 enfocat a potenciar les compet\u00e8ncies interpersonals, comunicatives i de lideratge dins dels equips. La meva metodologia, basada en t\u00e8cniques de <strong>coaching<\/strong> i <strong>comunicaci\u00f3 avan\u00e7ada<\/strong>, est\u00e1 dise\u00f1ada para mejorar el <strong>trabajo en equipo<\/strong>, la <strong>resoluci\u00f3n de conflictos<\/strong> y la <strong>gesti\u00f3n emocional<\/strong>, incloent de forma equilibrada l'\u00fas de din\u00e0miques vivencials i la part te\u00f2rica aprofundint en l'aprenentatge des de l'experi\u00e8ncia i el <em>feedback<\/em> amb els assistents, fomentant una cultura organitzativa de col\u00b7laboraci\u00f3 i un alt rendiment.<\/p><p><strong>Els programes de formaci\u00f3 s'adapten a les necessitats espec\u00edfiques de cada organitzaci\u00f3<\/strong>, ja sigui en format de tallers pr\u00e0ctics, sessions individuals o programes de seguiment a mitj\u00e0 i llarg termini. Amb aquesta formaci\u00f3, el teu equip desenvolupar\u00e0 les habilitats necess\u00e0ries per afrontar els desafiaments actuals, augmentar-ne la resili\u00e8ncia i optimitzar-ne la productivitat, generant un impacte positiu en la satisfacci\u00f3 i el benestar al lloc de treball.<\/p>\t\t\t\t\t\t<\/div>\n\t\t\t\t<\/div>\n\t\t\t\t\t<\/div>\n\t\t<\/div>\n\t\t\t\t\t<\/div>\n\t\t<\/section>\n\t\t\t\t<section class=\"elementor-section elementor-inner-section elementor-element elementor-element-30c3e1f elementor-section-height-min-height elementor-section-content-middle elementor-section-boxed elementor-section-height-default\" data-id=\"30c3e1f\" data-element_type=\"section\" data-settings=\"{&quot;background_background&quot;:&quot;classic&quot;}\">\n\t\t\t\t\t\t<div class=\"elementor-container elementor-column-gap-no\">\n\t\t\t\t\t<div class=\"elementor-column elementor-col-100 elementor-inner-column elementor-element elementor-element-769393f\" data-id=\"769393f\" data-element_type=\"column\">\n\t\t\t<div class=\"elementor-widget-wrap elementor-element-populated\">\n\t\t\t\t\t\t<div class=\"elementor-element elementor-element-0d66c09 elementor-widget elementor-widget-heading\" data-id=\"0d66c09\" data-element_type=\"widget\" data-widget_type=\"heading.default\">\n\t\t\t\t<div class=\"elementor-widget-container\">\n\t\t\t<h2 class=\"elementor-heading-title elementor-size-large\">COACHING LABORAL Y EXECUTIU<\/h2>\t\t<\/div>\n\t\t\t\t<\/div>\n\t\t\t\t<div class=\"elementor-element elementor-element-3ecf548 elementor-widget elementor-widget-text-editor\" data-id=\"3ecf548\" data-element_type=\"widget\" data-widget_type=\"text-editor.default\">\n\t\t\t\t<div class=\"elementor-widget-container\">\n\t\t\t\t\t\t\t<p>Ofereixo tant <strong>sessions individuals<\/strong> de coaching professional i executiu, com <strong>grupals<\/strong>, inclosa la capacitaci\u00f3 d' <strong>equips d'alt rendiment<\/strong>.<\/p>\t\t\t\t\t\t<\/div>\n\t\t\t\t<\/div>\n\t\t\t\t\t<\/div>\n\t\t<\/div>\n\t\t\t\t\t<\/div>\n\t\t<\/section>\n\t\t\t\t<section class=\"elementor-section elementor-inner-section elementor-element elementor-element-637aba8b elementor-section-height-min-height elementor-section-content-middle elementor-section-boxed elementor-section-height-default\" data-id=\"637aba8b\" data-element_type=\"section\" data-settings=\"{&quot;background_background&quot;:&quot;classic&quot;}\">\n\t\t\t\t\t\t<div class=\"elementor-container elementor-column-gap-no\">\n\t\t\t\t\t<div class=\"elementor-column elementor-col-100 elementor-inner-column elementor-element elementor-element-2d7367e\" data-id=\"2d7367e\" data-element_type=\"column\" data-settings=\"{&quot;background_background&quot;:&quot;classic&quot;}\">\n\t\t\t<div class=\"elementor-widget-wrap elementor-element-populated\">\n\t\t\t\t\t\t<div class=\"elementor-element elementor-element-2ca90b83 elementor-widget-mobile__width-initial elementor-widget elementor-widget-heading\" data-id=\"2ca90b83\" data-element_type=\"widget\" data-widget_type=\"heading.default\">\n\t\t\t\t<div class=\"elementor-widget-container\">\n\t\t\t<h2 class=\"elementor-heading-title elementor-size-large\">CONSULTORIA<\/h2>\t\t<\/div>\n\t\t\t\t<\/div>\n\t\t\t\t<div class=\"elementor-element elementor-element-451ece38 elementor-widget-tablet__width-initial elementor-widget elementor-widget-text-editor\" data-id=\"451ece38\" data-element_type=\"widget\" data-widget_type=\"text-editor.default\">\n\t\t\t\t<div class=\"elementor-widget-container\">\n\t\t\t\t\t\t\t<p>Com a consultor, ofereixo un servei integral en \u00e0rees clau per a l'\u00e8xit empresarial: <strong>M\u00e0rqueting i Vendes<\/strong>, <strong>Comunicaci\u00f3<\/strong>, <strong>Gesti\u00f3 de persones<\/strong> i <strong>Benestar a l'Empresa<\/strong>. Mitjan\u00e7ant un enfocament pr\u00e0ctic i estrat\u00e8gic, treballo amb el teu equip per enfortir les capacitats comercials i millorar la comunicaci\u00f3 interna i externa. A l'\u00e0mbit de la gesti\u00f3 de persones, implemento solucions que optimitzen el desenvolupament del talent i promouen una cultura de benestar, generant un entorn laboral que impulsa el rendiment i la satisfacci\u00f3 dels empleats.<\/p>\t\t\t\t\t\t<\/div>\n\t\t\t\t<\/div>\n\t\t\t\t\t<\/div>\n\t\t<\/div>\n\t\t\t\t\t<\/div>\n\t\t<\/section>\n\t\t\t\t<div class=\"elementor-element elementor-element-474976e elementor-widget elementor-widget-spacer\" data-id=\"474976e\" data-element_type=\"widget\" data-widget_type=\"spacer.default\">\n\t\t\t\t<div class=\"elementor-widget-container\">\n\t\t\t\t\t<div class=\"elementor-spacer\">\n\t\t\t<div class=\"elementor-spacer-inner\"><\/div>\n\t\t<\/div>\n\t\t\t\t<\/div>\n\t\t\t\t<\/div>\n\t\t\t\t<div class=\"elementor-element elementor-element-6fef7b25 elementor-widget elementor-widget-spacer\" data-id=\"6fef7b25\" data-element_type=\"widget\" data-widget_type=\"spacer.default\">\n\t\t\t\t<div class=\"elementor-widget-container\">\n\t\t\t\t\t<div class=\"elementor-spacer\">\n\t\t\t<div class=\"elementor-spacer-inner\"><\/div>\n\t\t<\/div>\n\t\t\t\t<\/div>\n\t\t\t\t<\/div>\n\t\t\t\t\t<\/div>\n\t\t<\/div>\n\t\t\t\t\t<\/div>\n\t\t<\/section>\n\t\t\t\t<section class=\"elementor-section elementor-top-section elementor-element elementor-element-498a78f3 elementor-section-content-middle elementor-section-boxed elementor-section-height-default elementor-section-height-default\" data-id=\"498a78f3\" data-element_type=\"section\" data-settings=\"{&quot;background_background&quot;:&quot;classic&quot;}\">\n\t\t\t\t\t\t\t<div class=\"elementor-background-overlay\"><\/div>\n\t\t\t\t\t\t\t<div class=\"elementor-container elementor-column-gap-no\">\n\t\t\t\t\t<div class=\"elementor-column elementor-col-100 elementor-top-column elementor-element elementor-element-249a2ebc animated-fast elementor-invisible\" data-id=\"249a2ebc\" data-element_type=\"column\" data-settings=\"{&quot;animation&quot;:&quot;zoomIn&quot;}\">\n\t\t\t<div class=\"elementor-widget-wrap elementor-element-populated\">\n\t\t\t\t\t\t<div class=\"elementor-element elementor-element-1753bf32 elementor-widget elementor-widget-heading\" data-id=\"1753bf32\" data-element_type=\"widget\" data-widget_type=\"heading.default\">\n\t\t\t\t<div class=\"elementor-widget-container\">\n\t\t\t<h4 class=\"elementor-heading-title elementor-size-default\">A un sol pas per avan\u00e7ar amb \u00e8xit!<\/h4>\t\t<\/div>\n\t\t\t\t<\/div>\n\t\t\t\t<div class=\"elementor-element elementor-element-464ff7c0 elementor-widget elementor-widget-heading\" data-id=\"464ff7c0\" data-element_type=\"widget\" data-widget_type=\"heading.default\">\n\t\t\t\t<div class=\"elementor-widget-container\">\n\t\t\t<h5 class=\"elementor-heading-title elementor-size-default\">Acompanyo les corporacions i els seus l\u00edders amb eines smart <\/h5>\t\t<\/div>\n\t\t\t\t<\/div>\n\t\t\t\t\t<\/div>\n\t\t<\/div>\n\t\t\t\t\t<\/div>\n\t\t<\/section>\n\t\t\t\t<section class=\"elementor-section elementor-top-section elementor-element elementor-element-9887eb1 elementor-section-boxed elementor-section-height-default elementor-section-height-default\" data-id=\"9887eb1\" data-element_type=\"section\">\n\t\t\t\t\t\t<div class=\"elementor-container elementor-column-gap-default\">\n\t\t\t\t\t<div class=\"elementor-column elementor-col-100 elementor-top-column elementor-element elementor-element-c515eed\" data-id=\"c515eed\" data-element_type=\"column\">\n\t\t\t<div class=\"elementor-widget-wrap elementor-element-populated\">\n\t\t\t\t\t\t<div class=\"elementor-element elementor-element-1e317f2 elementor-widget elementor-widget-spacer\" data-id=\"1e317f2\" data-element_type=\"widget\" data-widget_type=\"spacer.default\">\n\t\t\t\t<div class=\"elementor-widget-container\">\n\t\t\t\t\t<div class=\"elementor-spacer\">\n\t\t\t<div class=\"elementor-spacer-inner\"><\/div>\n\t\t<\/div>\n\t\t\t\t<\/div>\n\t\t\t\t<\/div>\n\t\t\t\t\t<\/div>\n\t\t<\/div>\n\t\t\t\t\t<\/div>\n\t\t<\/section>\n\t\t\t\t<\/div>","protected":false},"excerpt":{"rendered":"<p>el coach de los l\u00edderesconscientes Ofrezco herramientas SMART para transformar las organizaciones tanto desde el punto de vista humano como estrat\u00e9gico. Porque el futuro que construimos a cada paso est\u00e1 lleno de retos, y como consultor puedo aportar un punto de vista externo y entendido, muy \u00fatil para dar enfoque y direcci\u00f3n a las metas [&hellip;]<\/p>","protected":false},"author":1,"featured_media":0,"parent":0,"menu_order":0,"comment_status":"closed","ping_status":"closed","template":"","meta":{"site-sidebar-layout":"no-sidebar","site-content-layout":"plain-container","ast-site-content-layout":"","site-content-style":"default","site-sidebar-style":"default","ast-global-header-display":"","ast-banner-title-visibility":"","ast-main-header-display":"","ast-hfb-above-header-display":"","ast-hfb-below-header-display":"","ast-hfb-mobile-header-display":"","site-post-title":"disabled","ast-breadcrumbs-content":"","ast-featured-img":"disabled","footer-sml-layout":"","theme-transparent-header-meta":"enabled","adv-header-id-meta":"","stick-header-meta":"","header-above-stick-meta":"","header-main-stick-meta":"","header-below-stick-meta":"","astra-migrate-meta-layouts":"default","ast-page-background-enabled":"default","ast-page-background-meta":{"desktop":{"background-color":"","background-image":"","background-repeat":"repeat","background-position":"center center","background-size":"auto","background-attachment":"scroll","background-type":"","background-media":"","overlay-type":"","overlay-color":"","overlay-gradient":""},"tablet":{"background-color":"","background-image":"","background-repeat":"repeat","background-position":"center center","background-size":"auto","background-attachment":"scroll","background-type":"","background-media":"","overlay-type":"","overlay-color":"","overlay-gradient":""},"mobile":{"background-color":"","background-image":"","background-repeat":"repeat","background-position":"center center","background-size":"auto","background-attachment":"scroll","background-type":"","background-media":"","overlay-type":"","overlay-color":"","overlay-gradient":""}},"ast-content-background-meta":{"desktop":{"background-color":"var(--ast-global-color-5)","background-image":"","background-repeat":"repeat","background-position":"center center","background-size":"auto","background-attachment":"scroll","background-type":"","background-media":"","overlay-type":"","overlay-color":"","overlay-gradient":""},"tablet":{"background-color":"var(--ast-global-color-5)","background-image":"","background-repeat":"repeat","background-position":"center center","background-size":"auto","background-attachment":"scroll","background-type":"","background-media":"","overlay-type":"","overlay-color":"","overlay-gradient":""},"mobile":{"background-color":"var(--ast-global-color-5)","background-image":"","background-repeat":"repeat","background-position":"center center","background-size":"auto","background-attachment":"scroll","background-type":"","background-media":"","overlay-type":"","overlay-color":"","overlay-gradient":""}},"footnotes":""},"jetpack_sharing_enabled":true,"_links":{"self":[{"href":"https:\/\/marccastellvi.com\/ca\/wp-json\/wp\/v2\/pages\/1817"}],"collection":[{"href":"https:\/\/marccastellvi.com\/ca\/wp-json\/wp\/v2\/pages"}],"about":[{"href":"https:\/\/marccastellvi.com\/ca\/wp-json\/wp\/v2\/types\/page"}],"author":[{"embeddable":true,"href":"https:\/\/marccastellvi.com\/ca\/wp-json\/wp\/v2\/users\/1"}],"replies":[{"embeddable":true,"href":"https:\/\/marccastellvi.com\/ca\/wp-json\/wp\/v2\/comments?post=1817"}],"version-history":[{"count":205,"href":"https:\/\/marccastellvi.com\/ca\/wp-json\/wp\/v2\/pages\/1817\/revisions"}],"predecessor-version":[{"id":2794,"href":"https:\/\/marccastellvi.com\/ca\/wp-json\/wp\/v2\/pages\/1817\/revisions\/2794"}],"wp:attachment":[{"href":"https:\/\/marccastellvi.com\/ca\/wp-json\/wp\/v2\/media?parent=1817"}],"curies":[{"name":"wp","href":"https:\/\/api.w.org\/{rel}","templated":true}]}}